{"id":178,"date":"2024-04-19T10:37:46","date_gmt":"2024-04-19T08:37:46","guid":{"rendered":"http:\/\/localhost\/mundart\/?page_id=2"},"modified":"2024-05-14T15:06:51","modified_gmt":"2024-05-14T13:06:51","slug":"homepage","status":"publish","type":"page","link":"https:\/\/www.mundart-kfo.de\/vi\/","title":{"rendered":"Homepage"},"content":{"rendered":"<div class=\"page-gallery-wrapper loading fullsize-gallery\"><div class=\"page-gallery flexslider\"><ul class=\"slides\" data-slidetime=\"7000\" data-slidetimeout=\"600\"><li id=\"gallery-item-1\" class=\"single single-image\"><span class=\"slider-image\"><img decoding=\"async\" src=\"https:\/\/www.mundart-kfo.de\/vi\/wp-content\/uploads\/sites\/3\/2024\/04\/dia_01.jpg\" style=\"object-position: 30% 0%\" alt=\"\" \/><\/span><\/li><li id=\"gallery-item-2\" class=\"single single-image\"><span class=\"slider-image\"><img decoding=\"async\" src=\"https:\/\/www.mundart-kfo.de\/vi\/wp-content\/uploads\/sites\/3\/2024\/04\/dia_02.jpg\" style=\"object-position: 16% 0%\" alt=\"\" \/><\/span><\/li><li id=\"gallery-item-3\" class=\"single single-image\"><span class=\"slider-image\"><img decoding=\"async\" src=\"https:\/\/www.mundart-kfo.de\/vi\/wp-content\/uploads\/sites\/3\/2024\/05\/sl_start_03_v02.jpg\" style=\"object-position: 21% 0%\" alt=\"\" \/><\/span><\/li><li id=\"gallery-item-4\" class=\"single single-image\"><span class=\"slider-image\"><img decoding=\"async\" src=\"https:\/\/www.mundart-kfo.de\/vi\/wp-content\/uploads\/sites\/3\/2024\/04\/sl_start_04.jpg\" style=\"object-position: 22% 0%\" alt=\"\" \/><\/span><\/li><li id=\"gallery-item-5\" class=\"single single-image\"><span class=\"slider-image\"><img decoding=\"async\" src=\"https:\/\/www.mundart-kfo.de\/vi\/wp-content\/uploads\/sites\/3\/2024\/04\/sl_start_06.jpg\" style=\"object-position: 15% 0%\" alt=\"\" \/><\/span><\/li><li id=\"gallery-item-6\" class=\"single single-image\"><span class=\"slider-image\"><img decoding=\"async\" src=\"https:\/\/www.mundart-kfo.de\/vi\/wp-content\/uploads\/sites\/3\/2024\/04\/sl_start_05.jpg\" style=\"object-position: 46% 0%\" alt=\"\" \/><\/span><\/li><\/ul><a href=\"#content\" class=\"gallery-link content-link\"><span>Skip gallery<\/span><\/a><\/div><div id=\"slider-text\" class=\"slider-text\"><p><span>Vi\u1ec7c th\u1ef1c h\u00e0nh ch\u1ec9nh nha c\u1ee7a b\u1ea1n cho tr\u1ebb em<\/span><br class=\"desktop-visible\" \/>\r\n<span>v\u00e0 ng\u01b0\u1eddi l\u1edbn \u1edf Berlin-Marzahn.<\/span><\/p>\r\n\r\n<p><span>Trung t\u00e2m y t\u1ebf Mehrower Allee 22<\/span><br \/> \r\n<span>12687 Berlin-Marzahn<\/span><br \/>\r\n<span><strong>\u0110T 030\/930 93 77<\/strong><\/span><\/p> \r\n\r\n<h1><span><a href=\"https:\/\/www.mundart-kfo.de\/vi\/dr-nicole-chmurzinski\/\">\u00bb\u2009Ti\u1ebfn s\u0129 Nicole Chmurzinski<\/a><\/span><\/h1>\r\n\r\n<h1><span><a href=\"https:\/\/www.mundart-kfo.de\/vi\/beratung-und-finanzierung\/\">\u00bb\u2009T\u01b0 v\u1ea5n c\u00e1 nh\u00e2n &#038; t\u00e0i ch\u00ednh <\/a><\/span><\/h1>\r\n<\/div><\/div>\n\n\n<div class=\"wp-block-columns is-style-mobile-row-reverse is-layout-flex wp-container-core-columns-is-layout-9d6595d7 wp-block-columns-is-layout-flex\" id=\"content\">\n<div class=\"wp-block-column is-layout-flow wp-block-column-is-layout-flow\">\n<h2 class=\"wp-block-heading\">Ch\u1ec9nh nha to\u00e0n di\u1ec7n, nh\u1eb9 nh\u00e0ng cho tr\u1ebb em v\u00e0 ng\u01b0\u1eddi l\u1edbn<\/h2>\n\n\n\n<p>Ch\u00fang t\u00f4i cam k\u1ebft th\u1ef1c hi\u1ec7n ch\u1ec9nh nha c\u1ea5p \u0111\u1ed9 cao v\u00ec h\u00e0m r\u0103ng \u0111\u1eb9p r\u1ea5t quan tr\u1ecdng \u0111\u1ed1i v\u1edbi s\u1ee9c kh\u1ecfe c\u00e1 nh\u00e2n.<\/p>\n\n\n\n<h2 class=\"wp-block-heading\">D\u1ecbch v\u1ee5 c\u1ee7a ch\u00fang t\u00f4i<\/h2>\n\n\n\n<ul class=\"wp-block-list\">\n<li>T\u01b0 v\u1ea5n to\u00e0n di\u1ec7n<\/li>\n\n\n\n<li>Ni\u1ec1ng r\u0103ng th\u00e1o l\u1eafp<\/li>\n\n\n\n<li>Ni\u1ec1ng r\u0103ng c\u1ed1 \u0111\u1ecbnh<\/li>\n<\/ul>\n<\/div>\n\n\n\n<div class=\"wp-block-column is-layout-flow wp-block-column-is-layout-flow\">\n<figure class=\"wp-block-image size-large\"><img loading=\"lazy\" decoding=\"async\" width=\"1024\" height=\"579\" src=\"https:\/\/www.mundart-kfo.de\/vn\/wp-content\/uploads\/sites\/3\/2024\/04\/ort_homepage-1024x579.jpg\" alt=\"\" class=\"wp-image-132\" srcset=\"https:\/\/www.mundart-kfo.de\/vi\/wp-content\/uploads\/sites\/3\/2024\/04\/ort_homepage-1024x579.jpg 1024w, https:\/\/www.mundart-kfo.de\/vi\/wp-content\/uploads\/sites\/3\/2024\/04\/ort_homepage-300x170.jpg 300w, https:\/\/www.mundart-kfo.de\/vi\/wp-content\/uploads\/sites\/3\/2024\/04\/ort_homepage-768x434.jpg 768w, https:\/\/www.mundart-kfo.de\/vi\/wp-content\/uploads\/sites\/3\/2024\/04\/ort_homepage.jpg 1200w\" sizes=\"auto, (max-width: 1024px) 100vw, 1024px\" \/><\/figure>\n<\/div>\n<\/div>\n","protected":false},"excerpt":{"rendered":"<p>Ch\u1ec9nh nha to\u00e0n di\u1ec7n, nh\u1eb9 nh\u00e0ng cho tr\u1ebb em v\u00e0 ng\u01b0\u1eddi l\u1edbn Ch\u00fang t\u00f4i cam k\u1ebft th\u1ef1c hi\u1ec7n ch\u1ec9nh nha c\u1ea5p \u0111\u1ed9 cao v\u00ec h\u00e0m r\u0103ng \u0111\u1eb9p r\u1ea5t quan tr\u1ecdng&#8230;<\/p>\n","protected":false},"author":1,"featured_media":0,"parent":0,"menu_order":0,"comment_status":"closed","ping_status":"closed","template":"","meta":{"_acf_changed":false,"footnotes":""},"class_list":["post-178","page","type-page","status-publish","hentry"],"acf":[],"_links":{"self":[{"href":"https:\/\/www.mundart-kfo.de\/vi\/wp-json\/wp\/v2\/pages\/178","targetHints":{"allow":["GET"]}}],"collection":[{"href":"https:\/\/www.mundart-kfo.de\/vi\/wp-json\/wp\/v2\/pages"}],"about":[{"href":"https:\/\/www.mundart-kfo.de\/vi\/wp-json\/wp\/v2\/types\/page"}],"author":[{"embeddable":true,"href":"https:\/\/www.mundart-kfo.de\/vi\/wp-json\/wp\/v2\/users\/1"}],"replies":[{"embeddable":true,"href":"https:\/\/www.mundart-kfo.de\/vi\/wp-json\/wp\/v2\/comments?post=178"}],"version-history":[{"count":7,"href":"https:\/\/www.mundart-kfo.de\/vi\/wp-json\/wp\/v2\/pages\/178\/revisions"}],"predecessor-version":[{"id":278,"href":"https:\/\/www.mundart-kfo.de\/vi\/wp-json\/wp\/v2\/pages\/178\/revisions\/278"}],"wp:attachment":[{"href":"https:\/\/www.mundart-kfo.de\/vi\/wp-json\/wp\/v2\/media?parent=178"}],"curies":[{"name":"wp","href":"https:\/\/api.w.org\/{rel}","templated":true}]}}