{"id":52,"date":"2024-04-24T10:06:36","date_gmt":"2024-04-24T08:06:36","guid":{"rendered":"http:\/\/localhost\/mundart\/?page_id=52"},"modified":"2024-04-30T16:17:23","modified_gmt":"2024-04-30T14:17:23","slug":"kieferorthopaedie-kinder","status":"publish","type":"page","link":"https:\/\/www.mundart-kfo.de\/vi\/kieferorthopaedie-kinder\/","title":{"rendered":"\u0110i\u1ec1u tr\u1ecb cho tr\u1ebb em"},"content":{"rendered":"<div class=\"page-gallery-wrapper loading normal\"><div class=\"page-gallery flexslider\"><ul class=\"slides\" data-slidetime=\"7000\" data-slidetimeout=\"600\"><li id=\"gallery-item-1\" class=\"single single-image\"><span class=\"slider-image\"><img decoding=\"async\" src=\"https:\/\/www.mundart-kfo.de\/vi\/wp-content\/uploads\/sites\/3\/2024\/04\/sl_kinder_01.jpg\" style=\"object-position: 61% 0%\" alt=\"\" \/><\/span><\/li><\/ul><\/div><div id=\"slider-text\" class=\"slider-text\"><h1><span>\u0110i\u1ec1u tr\u1ecb<\/span><br \/>\r\n<span>cho tr\u1ebb em<\/span><\/h1><\/div><\/div>\n\n\n<div class=\"wp-block-columns is-layout-flex wp-container-core-columns-is-layout-9d6595d7 wp-block-columns-is-layout-flex\">\n<div class=\"wp-block-column is-layout-flow wp-block-column-is-layout-flow\" style=\"flex-basis:27%\"><\/div>\n\n\n\n<div class=\"wp-block-column is-layout-flow wp-block-column-is-layout-flow\" style=\"flex-basis:73%\">\n<p><strong><strong>N\u1ebfu xao l\u00e3ng vi\u1ec7c ch\u1ec9nh \u0111\u00fang v\u1ecb tr\u00ed r\u0103ng c\u1ea7n thi\u1ebft \u1edf \u0111\u1ed9 tu\u1ed5i tr\u1ebb, c\u00f3 th\u1ec3 s\u1ebd m\u1ea5t nhi\u1ec1u n\u1ed7 l\u1ef1c \u0111\u00e1ng k\u1ec3 h\u01a1n v\u00e0 chi ph\u00ed cao h\u01a1n khi th\u1ef1c hi\u1ec7n \u1edf \u0111\u1ed9 tu\u1ed5i tr\u01b0\u1edfng th\u00e0nh. Ch\u1eb3ng h\u1ea1n, trong tr\u01b0\u1eddng h\u1ee3p c\u00f3 khe h\u1edf r\u0103ng s\u1eefa, c\u1ea7n \u0111\u1ea3m b\u1ea3o sao cho gi\u1eef \u0111\u01b0\u1ee3c ch\u1ed7 cho r\u0103ng v\u0129nh vi\u1ec5n sau n\u00e0y. T\u00f9y thu\u1ed9c v\u00e0o \u0111\u1ed9 tu\u1ed5i c\u1ee7a tr\u1ebb ho\u1eb7c thanh thi\u1ebfu ni\u00ean v\u00e0 t\u00ecnh tr\u1ea1ng b\u1ed1 tr\u00ed r\u0103ng ri\u00eang, c\u00f3 nhi\u1ec1u c\u00e1c ph\u01b0\u01a1ng ph\u00e1p \u0111i\u1ec1u tr\u1ecb kh\u00e1c nhau. L\u1ef1a ch\u1ecdn n\u00e0o l\u00e0 t\u1ed1t nh\u1ea5t cho tr\u1ebb s\u1ebd \u0111\u01b0\u1ee3c ch\u00fang t\u00f4i gi\u1ea3i th\u00edch khi t\u01b0 v\u1ea5n ri\u00eang.<\/strong><\/strong><\/p>\n\n\n\n<h2 class=\"wp-block-heading\">Ni\u1ec1ng r\u0103ng th\u00e1o l\u1eafp \u2013 cho tr\u1ebb em v\u00e0 thanh thi\u1ebfu ni\u00ean<\/h2>\n\n\n\n<p>Ni\u1ec1ng r\u0103ng kh\u00f4ng g\u1eafn ch\u1eb7t n\u1eb1m trong mi\u1ec7ng k\u00edch th\u00edch s\u1ef1 ph\u00e1t tri\u1ec3n c\u1ee7a h\u00e0m v\u00e0 &#8220;hu\u1ea5n luy\u1ec7n&#8221; c\u00e1c c\u01a1 mi\u1ec7ng v\u00e0 m\u00f4 m\u1ec1m \u0111\u1ec3 ph\u00e1t tri\u1ec3n t\u00edch c\u1ef1c v\u1ecb tr\u00ed c\u1ee7a r\u0103ng v\u00e0 v\u1ecb tr\u00ed c\u1eafn.<br>Th\u00f4ng th\u01b0\u1eddng, ni\u1ec1ng r\u0103ng \u0111eo v\u00e0o ban \u0111\u00eam v\u00e0 v\u00e0i gi\u1edd m\u1ed7i ng\u00e0y. N\u1ebfu tu\u00e2n th\u1ee7 th\u1eddi gian \u0111eo, hi\u1ec7u qu\u1ea3 c\u1ee7a ni\u1ec1ng r\u0103ng th\u00e1o l\u1eafp l\u00e0 r\u1ea5t t\u1ed1t. Ni\u1ec1ng \u0111\u01b0\u1ee3c ch\u1ebf t\u1ea1o ri\u00eang v\u00e0 \u0111\u01b0\u1ee3c l\u00e0m b\u1eb1ng nh\u1ef1a nhi\u1ec1u m\u00e0u (m\u00e0u do b\u1ec7nh nh\u00e2n ch\u1ecdn) v\u1edbi d\u00e2y kim lo\u1ea1i. Trong m\u1ed9t s\u1ed1 tr\u01b0\u1eddng h\u1ee3p, ni\u00eang \u0111\u01b0\u1ee3c k\u1ebft h\u1ee3p v\u1edbi l\u00f2 xo v\u00e0 \u1ed1c v\u00edt nh\u1ecf, hay c\u00f2n g\u1ecdi l\u00e0 c\u00e1c y\u1ebfu t\u1ed1 ho\u1ea1t \u0111\u1ed9ng &#8211; \u0111\u1ec3 \u0111\u1ea1t \u0111\u01b0\u1ee3c c\u00e1c hi\u1ec7u \u1ee9ng mong mu\u1ed1n b\u1eb1ng \u00e1p l\u1ef1c c\u00f3 m\u1ee5c ti\u00eau.<br>Ch\u00fang t\u00f4i s\u1ebd \u0111i\u1ec1u ch\u1ec9nh ni\u1ec1ng r\u0103ng \u0111\u1ecbnh k\u1ef3 theo th\u1eddi gian. Do \u0111\u00f3, \u0111i\u1ec1u quan tr\u1ecdng l\u00e0 ph\u1ea3i tu\u00e2n th\u1ee7 th\u1eddi gian \u0111eo quy \u0111\u1ecbnh\u00a0 v\u00e0 \u0111\u1ebfn cu\u1ed9c h\u1eb9n ki\u1ec3m tra \u0111\u1ecbnh k\u1ef3.<\/p>\n\n\n\n<h2 class=\"wp-block-heading\">Ni\u1ec1ng r\u0103ng c\u1ed1 \u0111\u1ecbnh \u2013 chuy\u1ec3n \u0111\u1ed9ng r\u0103ng c\u00f3 th\u1ec3 \u0111i\u1ec1u ch\u1ec9nh ch\u00ednh x\u00e1c<\/h2>\n\n\n\n<p>Ni\u1ec1ng r\u0103ng c\u1ed1 \u0111\u1ecbnh g\u1ed3m c\u00f3 c\u00e1c m\u1eafc c\u00e0i \u0111\u01b0\u1ee3c d\u00e1n v\u00e0o r\u0103ng v\u00e0 li\u00ean k\u1ebft b\u1eb1ng m\u1ed9t s\u1ee3i d\u00e2y. Thi\u1ebft l\u1eadp d\u00e2y cho ph\u00e9p \u0111i\u1ec1u ch\u1ec9nh ch\u00ednh x\u00e1c c\u00e1c l\u1ef1c t\u00e1c \u0111\u1ed9ng l\u00ean r\u0103ng. Vi\u1ec7c n\u00e0y th\u1ef1c hi\u1ec7n t\u1ed1t nh\u1ea5t v\u1edbi c\u00e1c d\u00e2y cung hi\u1ec7n \u0111\u1ea1i, si\u00eau \u0111\u00e0n h\u1ed3i, c\u00f4ng ngh\u1ec7 cao t\u1eeb v\u1eadt li\u1ec7u m\u1ec1m h\u01a1n nh\u1edd \u0111\u01b0\u1ee3c k\u00edch ho\u1ea1t qua s\u1ef1 kh\u00e1c bi\u1ec7t v\u1ec1 nhi\u1ec7t \u0111\u1ed9 trong mi\u1ec7ng. Nh\u1edd v\u1eady, c\u00f3 th\u1ec3 \u0111\u1ea1t \u0111\u01b0\u1ee3c c\u00e1c chuy\u1ec3n \u0111\u1ed9ng r\u0103ng ph\u1ee9c t\u1ea1p v\u00e0 \u0111i\u1ec1u ch\u1ec9nh tinh chi ti\u1ebft c\u1ee7a v\u1ecb tr\u00ed r\u0103ng. C\u00e1c d\u00e2y n\u1ed1i ph\u1ea3i \u0111\u01b0\u1ee3c thay th\u1ebf sau 4-8 tu\u1ea7n. B\u00ean c\u1ea1nh \u0111\u00f3, m\u1eafc c\u00e0i s\u1ee9 kh\u00f4ng l\u1ed9 c\u00f3 th\u1ec3 \u0111\u01b0\u1ee3c s\u1eed d\u1ee5ng thay v\u00ec m\u1eafc c\u00e0i kim lo\u1ea1i.<\/p>\n\n\n\n<h2 class=\"wp-block-heading\">Ch\u1ec9nh nha nh\u1eb9 nh\u00e0ng to\u00e0n di\u1ec7n<\/h2>\n\n\n\n<p>M\u1ee5c ti\u00eau c\u1ee7a ch\u1ec9nh nha to\u00e0n di\u1ec7n ch\u00ednh l\u00e0 \u0111em l\u1ea1i s\u1ef1 h\u00e0i h\u00f2a cho c\u01a1 quan nhai trong khi lo\u1ea1i b\u1ecf nh\u1eefng \u1ea3nh h\u01b0\u1edfng kh\u00f4ng t\u1ed1t t\u1eeb tr\u01b0\u01a1ng l\u1ef1c c\u1ee7a m\u00f4i, m\u00e1 ho\u1eb7c tr\u1ee5c tr\u1eb7c do l\u01b0\u1ee1i. C\u00e1c v\u1ea5n \u0111\u1ec1 n\u00e0y c\u0169ng bao g\u1ed3m vi\u1ec7c nh\u1eadn bi\u1ebft nh\u1eefng th\u00f3i quen c\u00f3 h\u1ea1i nh\u01b0 m\u00fat ng\u00f3n tay, m\u00fat v\u00e0 c\u1eafn m\u00f4i. C\u00e1i g\u1ecdi l\u00e0 &#8220;th\u00f3i quen&#8221; c\u00f3 th\u1ec3 g\u00e2y tr\u1ee5c tr\u1eb7c cho r\u0103ng, h\u00e0m. Khi \u0111\u00f3 c\u1ea7n \u0111eo m\u1ed9t tih\u1ebft b\u1ecb \u0111i\u1ec1u tr\u1ecb th\u00e1o l\u1eafp t\u00e1c \u0111\u1ed9ng &#8220;th\u1ee5 \u0111\u1ed9ng&#8221; l\u00e0 kh\u00ed c\u1ee5 Bionator. Thi\u1ebft b\u1ecb n\u00e0y th\u1ef1c s\u1ef1 ch\u1ec9 g\u1ed3m c\u00f3 hai m\u00f3c treo d\u00e2y, \u0111\u01b0\u1ee3c li\u00ean k\u1ebft v\u1edbi nhau b\u1eb1ng m\u1ed9t khung nh\u1ef1a m\u1ecfng manh. V\u1edbi li\u1ec7u ph\u00e1p Bionator, t\u1ea5t c\u1ea3 c\u00e1c c\u01a1 ch\u1ebf ph\u1ea3n x\u1ea1 quan tr\u1ecdng \u0111\u1ec1u \u0111\u01b0\u1ee3c t\u00e1c \u0111\u1ed9ng \u0111\u1ec3 ph\u1ee5c h\u1ed3i l\u1ea1i t\u00ecnh tr\u1ea1ng t\u1ef1 nhi\u00ean &#8211; hay c\u00f2n g\u1ecdi l\u00e0 kh\u1ecfe m\u1ea1nh.<\/p>\n<\/div>\n<\/div>\n","protected":false},"excerpt":{"rendered":"<p>N\u1ebfu xao l\u00e3ng vi\u1ec7c ch\u1ec9nh \u0111\u00fang v\u1ecb tr\u00ed r\u0103ng c\u1ea7n thi\u1ebft \u1edf \u0111\u1ed9 tu\u1ed5i tr\u1ebb, c\u00f3 th\u1ec3 s\u1ebd m\u1ea5t nhi\u1ec1u n\u1ed7 l\u1ef1c \u0111\u00e1ng k\u1ec3 h\u01a1n v\u00e0 chi ph\u00ed cao h\u01a1n&#8230;<\/p>\n","protected":false},"author":1,"featured_media":0,"parent":0,"menu_order":30,"comment_status":"closed","ping_status":"closed","template":"","meta":{"_acf_changed":false,"footnotes":""},"class_list":["post-52","page","type-page","status-publish","hentry"],"acf":[],"_links":{"self":[{"href":"https:\/\/www.mundart-kfo.de\/vi\/wp-json\/wp\/v2\/pages\/52","targetHints":{"allow":["GET"]}}],"collection":[{"href":"https:\/\/www.mundart-kfo.de\/vi\/wp-json\/wp\/v2\/pages"}],"about":[{"href":"https:\/\/www.mundart-kfo.de\/vi\/wp-json\/wp\/v2\/types\/page"}],"author":[{"embeddable":true,"href":"https:\/\/www.mundart-kfo.de\/vi\/wp-json\/wp\/v2\/users\/1"}],"replies":[{"embeddable":true,"href":"https:\/\/www.mundart-kfo.de\/vi\/wp-json\/wp\/v2\/comments?post=52"}],"version-history":[{"count":3,"href":"https:\/\/www.mundart-kfo.de\/vi\/wp-json\/wp\/v2\/pages\/52\/revisions"}],"predecessor-version":[{"id":246,"href":"https:\/\/www.mundart-kfo.de\/vi\/wp-json\/wp\/v2\/pages\/52\/revisions\/246"}],"wp:attachment":[{"href":"https:\/\/www.mundart-kfo.de\/vi\/wp-json\/wp\/v2\/media?parent=52"}],"curies":[{"name":"wp","href":"https:\/\/api.w.org\/{rel}","templated":true}]}}