{"id":54,"date":"2024-04-24T10:06:59","date_gmt":"2024-04-24T08:06:59","guid":{"rendered":"http:\/\/localhost\/mundart\/?page_id=54"},"modified":"2024-04-30T16:18:36","modified_gmt":"2024-04-30T14:18:36","slug":"kieferorthopaedie-erwachsene","status":"publish","type":"page","link":"https:\/\/www.mundart-kfo.de\/vi\/kieferorthopaedie-erwachsene\/","title":{"rendered":"\u0110i\u1ec1u tr\u1ecb cho ng\u01b0\u1eddi l\u1edbn"},"content":{"rendered":"<div class=\"page-gallery-wrapper loading normal\"><div class=\"page-gallery flexslider\"><ul class=\"slides\" data-slidetime=\"7000\" data-slidetimeout=\"600\"><li id=\"gallery-item-1\" class=\"single single-image\"><span class=\"slider-image\"><img decoding=\"async\" src=\"https:\/\/www.mundart-kfo.de\/vi\/wp-content\/uploads\/sites\/3\/2024\/04\/sl_erwachsene_01.jpg\" style=\"object-position: 75% 0%\" alt=\"\" \/><\/span><\/li><li id=\"gallery-item-2\" class=\"single single-image\"><span class=\"slider-image\"><img decoding=\"async\" src=\"https:\/\/www.mundart-kfo.de\/vi\/wp-content\/uploads\/sites\/3\/2024\/04\/sl_erwachsene_02.jpg\" style=\"object-position: 65% 0%\" alt=\"\" \/><\/span><\/li><li id=\"gallery-item-3\" class=\"single single-image\"><span class=\"slider-image\"><img decoding=\"async\" src=\"https:\/\/www.mundart-kfo.de\/vi\/wp-content\/uploads\/sites\/3\/2024\/04\/sl_erwachsene_03.jpg\" style=\"object-position: 61% 0%\" alt=\"\" \/><\/span><\/li><\/ul><\/div><div id=\"slider-text\" class=\"slider-text\"><h1><span>\u0110i\u1ec1u tr\u1ecb<\/span><br \/> \r\n<span>cho ng\u01b0\u1eddi l\u1edbn<\/span><\/h1><\/div><\/div>\n\n\n<div class=\"wp-block-columns is-layout-flex wp-container-core-columns-is-layout-9d6595d7 wp-block-columns-is-layout-flex\">\n<div class=\"wp-block-column is-layout-flow wp-block-column-is-layout-flow\" style=\"flex-basis:27%\"><\/div>\n\n\n\n<div class=\"wp-block-column is-layout-flow wp-block-column-is-layout-flow\" style=\"flex-basis:73%\">\n<p><strong>C\u00f3 m\u1ed9t \u0111\u1ecbnh ki\u1ebfn ph\u1ed5 bi\u1ebfn r\u1eb1ng vi\u1ec7c ch\u1ec9nh s\u1eeda nha khoa \u1edf tu\u1ed5i tr\u01b0\u1edfng th\u00e0nh l\u00e0 qu\u00e1 mu\u1ed9n v\u1eabn c\u00f2n t\u1ed3n t\u1ea1i. Sai r\u1ed3i! Nhi\u1ec1u ng\u01b0\u1eddi tr\u01b0\u1edfng th\u00e0nh \u0111\u1ebfn v\u1edbi ph\u00f2ng kh\u00e1m c\u1ee7a ch\u00fang t\u00f4i v\u00ec h\u1ecd kh\u00f4ng h\u00e0i l\u00f2ng v\u1edbi v\u1ecb tr\u00ed r\u0103ng c\u1ee7a m\u00ecnh do c\u00e1c nguy\u00ean nh\u00e2n v\u1ec1 th\u1ea9m m\u1ef9. Chung cu\u1ed9c th\u00ec m\u1ed9t n\u1ee5 c\u01b0\u1eddi \u0111\u1eb9p l\u00e0 m\u1ed9t ph\u1ea7n c\u1ee7a ch\u1ea5t l\u01b0\u1ee3ng cu\u1ed9c s\u1ed1ng!<\/strong><br><strong>T\u00f9y theo m\u1ee5c ti\u00eau \u0111i\u1ec1u tr\u1ecb, li\u1ec7u ph\u00e1p n\u00e0y c\u00f3 th\u1ec3 \u0111\u01b0\u1ee3c ti\u1ebfn h\u00e0nh v\u1edbi ni\u1ec1ng r\u0103ng c\u1ed1 \u0111\u1ecbnh c\u00f3 m\u1eafc c\u00e0i g\u1ed1m ho\u1eb7c c\u00e1i g\u1ecdi l\u00e0 khay ni\u1ec1ng r\u0103ng (c\u00e1c n\u1eb9p trong su\u1ed1t \u0111\u01b0\u1ee3c \u0111eo tr\u00ean c\u00e1c cung r\u0103ng trong 24 gi\u1edd).<\/strong><\/p>\n\n\n\n<h2 class=\"wp-block-heading\">\u0110i\u1ec1u tr\u1ecb h\u00e0m b\u1eb1ng ph\u1eabu thu\u1eadt \u2013 \u0111\u1ed1i v\u1edbi c\u00e1c d\u1ecb t\u1eadt r\u00f5 r\u1ec7t:<\/h2>\n\n\n\n<p>Trong tr\u01b0\u1eddng h\u1ee3p c\u00f3 d\u1ecb t\u1eadt h\u00e0m r\u00f5 r\u1ec7t, ch\u1ec9 ri\u00eang vi\u1ec7c \u0111i\u1ec1u tr\u1ecb b\u1eb1ng ch\u1ec9nh nha th\u00f4i kh\u00f4ng th\u1ec3 kh\u1eafc ph\u1ee5c \u0111\u01b0\u1ee3c n\u1eefa. \u0110\u1ed1i v\u1edbi c\u00e1c tr\u01b0\u1eddng h\u1ee3p nh\u01b0 v\u1eady, ch\u00fang t\u00f4i s\u1ebd k\u1ebft h\u1ee3p c\u00f9ng m\u1ed9t ph\u00f2ng kh\u00e1m ph\u1eabu thu\u1eadt h\u00e0m c\u00f3 kinh nghi\u1ec7m. Li\u1ec7u ph\u00e1p ph\u1eabu thu\u1eadt h\u00e0m &#8211; ch\u1ec9nh nha k\u1ebft h\u1ee3p cho th\u1ea5y k\u1ebft qu\u1ea3 r\u1ea5t t\u1ed1t. B\u01b0\u1edbc \u0111\u1ea7u ti\u00ean, d\u1ecb t\u1eadt \u0111\u01b0\u1ee3c ph\u00e2n t\u00edch v\u00e0 x\u00e1c \u0111\u1ecbnh ph\u00e1c \u0111\u1ed3 \u0111i\u1ec1u tr\u1ecb ri\u00eang &#8211; \u0111\u00e1p \u1ee9ng v\u1edbi t\u00ecnh tr\u1ea1ng v\u00e0 k\u1ebft qu\u1ea3 mong mu\u1ed1n.<br>\u0110i\u1ec1u ki\u1ec7n ti\u00ean quy\u1ebft l\u00e0 t\u1ea5t c\u1ea3 c\u00e1c r\u0103ng \u0111\u1ec1u kh\u00f4ng b\u1ecb s\u00e2u v\u00e0 n\u01b0\u1edbu c\u0169ng nh\u01b0 to\u00e0n b\u1ed9 m\u00f4 nha chu \u0111\u1ec1u kh\u1ecfe m\u1ea1nh. Trong giai \u0111o\u1ea1n \u0111\u1ea7u ti\u00ean, c\u00e1c cung r\u0103ng th\u01b0\u1eddng \u0111\u01b0\u1ee3c s\u1eafp x\u1ebfp \u0111\u1ec1u b\u1eb1ng ni\u1ec1ng r\u0103ng c\u1ed1 \u0111\u1ecbnh. Th\u1eddi gian chu\u1ea9n b\u1ecb cho ca ph\u1eabu thu\u1eadt n\u00e0y c\u00f3 th\u1ec3 m\u1ea5t t\u1edbi m\u1ed9t n\u0103m, sau \u0111\u00f3 ph\u1ea7n vi\u1ec7c ph\u1eabu thu\u1eadt di\u1ec5n ra khi nh\u1eadp vi\u1ec7n n\u1ed9i tr\u00fa.<\/p>\n<\/div>\n<\/div>\n","protected":false},"excerpt":{"rendered":"<p>C\u00f3 m\u1ed9t \u0111\u1ecbnh ki\u1ebfn ph\u1ed5 bi\u1ebfn r\u1eb1ng vi\u1ec7c ch\u1ec9nh s\u1eeda nha khoa \u1edf tu\u1ed5i tr\u01b0\u1edfng th\u00e0nh l\u00e0 qu\u00e1 mu\u1ed9n v\u1eabn c\u00f2n t\u1ed3n t\u1ea1i. Sai r\u1ed3i! Nhi\u1ec1u ng\u01b0\u1eddi tr\u01b0\u1edfng th\u00e0nh \u0111\u1ebfn&#8230;<\/p>\n","protected":false},"author":1,"featured_media":0,"parent":0,"menu_order":40,"comment_status":"closed","ping_status":"closed","template":"","meta":{"_acf_changed":false,"footnotes":""},"class_list":["post-54","page","type-page","status-publish","hentry"],"acf":[],"_links":{"self":[{"href":"https:\/\/www.mundart-kfo.de\/vi\/wp-json\/wp\/v2\/pages\/54","targetHints":{"allow":["GET"]}}],"collection":[{"href":"https:\/\/www.mundart-kfo.de\/vi\/wp-json\/wp\/v2\/pages"}],"about":[{"href":"https:\/\/www.mundart-kfo.de\/vi\/wp-json\/wp\/v2\/types\/page"}],"author":[{"embeddable":true,"href":"https:\/\/www.mundart-kfo.de\/vi\/wp-json\/wp\/v2\/users\/1"}],"replies":[{"embeddable":true,"href":"https:\/\/www.mundart-kfo.de\/vi\/wp-json\/wp\/v2\/comments?post=54"}],"version-history":[{"count":2,"href":"https:\/\/www.mundart-kfo.de\/vi\/wp-json\/wp\/v2\/pages\/54\/revisions"}],"predecessor-version":[{"id":247,"href":"https:\/\/www.mundart-kfo.de\/vi\/wp-json\/wp\/v2\/pages\/54\/revisions\/247"}],"wp:attachment":[{"href":"https:\/\/www.mundart-kfo.de\/vi\/wp-json\/wp\/v2\/media?parent=54"}],"curies":[{"name":"wp","href":"https:\/\/api.w.org\/{rel}","templated":true}]}}