{"id":56,"date":"2024-04-24T10:07:16","date_gmt":"2024-04-24T08:07:16","guid":{"rendered":"http:\/\/localhost\/mundart\/?page_id=56"},"modified":"2024-04-30T16:21:31","modified_gmt":"2024-04-30T14:21:31","slug":"beratung-und-finanzierung","status":"publish","type":"page","link":"https:\/\/www.mundart-kfo.de\/vi\/beratung-und-finanzierung\/","title":{"rendered":"L\u1eddi khuy\u00ean c\u00e1 nh\u00e2n v\u00e0 c\u00e1c l\u1ef1a ch\u1ecdn t\u00e0i ch\u00ednh"},"content":{"rendered":"<div class=\"page-gallery-wrapper loading normal\"><div class=\"page-gallery no-flexslider\"><ul class=\"slides\" data-slidetime=\"7000\" data-slidetimeout=\"600\"><li id=\"gallery-item-1\" class=\"single single-image\"><span class=\"slider-image\"><img decoding=\"async\" src=\"https:\/\/www.mundart-kfo.de\/vi\/wp-content\/uploads\/sites\/3\/2024\/04\/sl_beratung.jpg\" style=\"object-position: 65% 0%\" alt=\"\" \/><\/span><\/li><\/ul><\/div><div id=\"slider-text\" class=\"slider-text\"><h1><span>L\u1eddi khuy\u00ean c\u00e1 nh\u00e2n v\u00e0<\/span><br \/> \r\n<span>c\u00e1c l\u1ef1a ch\u1ecdn t\u00e0i ch\u00ednh<\/span><\/h1><\/div><\/div>\n\n\n<div class=\"wp-block-columns is-layout-flex wp-container-core-columns-is-layout-9d6595d7 wp-block-columns-is-layout-flex\">\n<div class=\"wp-block-column is-layout-flow wp-block-column-is-layout-flow\" style=\"flex-basis:27%\"><\/div>\n\n\n\n<div class=\"wp-block-column is-layout-flow wp-block-column-is-layout-flow\" style=\"flex-basis:73%\">\n<p><strong><strong>Th\u00f4ng tin \u0111\u00e1ng tin c\u1eady v\u00e0 to\u00e0n di\u1ec7n t\u1ea1o s\u1ef1 an to\u00e0n v\u00e0 tin t\u01b0\u1edfng. Ch\u00ednh v\u00ec th\u1ebf, ch\u00fang t\u00f4i \u0111\u1eb7c bi\u1ec7t tr\u00e2n tr\u1ecdng nh\u1eefng th\u00f4ng tin, t\u01b0 v\u1ea5n to\u00e0n di\u1ec7n. \u0110\u1ec3 \u0111em l\u1ea1i cho b\u1ea1n c\u01a1 s\u1edf ra quy\u1ebft \u0111\u1ecbnh \u0111\u1ea7y \u0111\u1ee7 v\u00e0 t\u00ednh minh b\u1ea1ch nh\u1ea5t c\u00f3 th\u1ec3, ch\u00fang t\u00f4i d\u00e0nh th\u1eddi gian cho b\u1ea1n. \u0110\u1ed9ng l\u1ef1c v\u00e0 s\u1ef1 h\u1ee3p t\u00e1c c\u1ee7a b\u1ea1n ho\u1eb7c c\u1ee7a con b\u1ea1n \u0111\u00f3ng vai tr\u00f2 quy\u1ebft \u0111\u1ecbnh cho s\u1ef1 th\u00e0nh c\u00f4ng c\u1ee7a vi\u1ec7c \u0111i\u1ec1u tr\u1ecb. Tr\u01b0\u1edbc khi \u0111i\u1ec1u tr\u1ecb, b\u1ea1n s\u1ebd nh\u1eadn \u0111\u01b0\u1ee3c m\u1ed9t b\u1ea3n k\u1ebf ho\u1ea1ch \u0111i\u1ec1u tr\u1ecb chi ti\u1ebft v\u1edbi t\u1ed5ng quan v\u1ec1 d\u1ecbch v\u1ee5 v\u00e0 chi ph\u00ed.<\/strong><\/strong><\/p>\n\n\n\n<h2 class=\"wp-block-heading\">Ghi ch\u00fa v\u1ec1 chi ph\u00ed<\/h2>\n\n\n\n<p>\u0110i\u1ec1u tr\u1ecb ch\u1ec9nh nha th\u01b0\u1eddng m\u1ea5t m\u1ed9t kho\u1ea3ng th\u1eddi gian d\u00e0i. C\u00e1c h\u00ecnh th\u1ee9c tr\u1ecb li\u1ec7u ti\u00ean ti\u1ebfn \u0111\u1eb7t ra c\u00e1c y\u00eau c\u1ea7u cao \u0111\u1ed1i v\u1edbi b\u00e1c s\u0129, \u0111\u1ed9i ng\u0169 ph\u00f2ng kh\u00e1m v\u00e0 c\u00f4ng ngh\u1ec7. Nhi\u1ec1u ch\u1ee9 kh\u00f4ng h\u1eb3n t\u1ea5t c\u1ea3 c\u00e1c d\u1ecbch v\u1ee5 ch\u1ec9nh nha \u0111\u1ec1u ch\u1ea5p nh\u1eadn b\u1ea3o hi\u1ec3m y t\u1ebf theo lu\u1eadt \u0111\u1ecbnh \u0111\u1ed1i v\u1edbi tr\u1ebb em. Ng\u01b0\u1eddi l\u1edbn kh\u00f4ng nh\u1eadn \u0111\u01b0\u1ee3c tr\u1ee3 c\u1ea5p. \u0110\u1ed1i v\u1edbi b\u1ea3o hi\u1ec3m t\u01b0, c\u00f3 kh\u00e1c bi\u1ec7t l\u1edbn v\u1ec1 vi\u1ec7c b\u1ed3i ho\u00e0n chi ph\u00ed. Trong m\u1ed9t s\u1ed1 tr\u01b0\u1eddng h\u1ee3p, ng\u01b0\u1eddi tr\u01b0\u1edfng th\u00e0nh c\u0169ng ph\u1ea3i ch\u1ecbu to\u00e0n b\u1ed9 chi ph\u00ed, ph\u1ea7n n\u00e0o ch\u1ec9 \u0111\u01b0\u1ee3c nh\u1eadn m\u1ed9t kho\u1ea3n tr\u1ee3 c\u1ea5p nh\u1ecf. N\u1ebfu c\u1ea7n thi\u1ebft, b\u1ea1n n\u00ean h\u1ecfi c\u00f4ng ty b\u1ea3o hi\u1ec3m s\u1ee9c kh\u1ecfe c\u1ee7a m\u00ecnh xem nh\u1eefng d\u1ecbch v\u1ee5 ch\u1ec9nh nha n\u00e0o \u0111\u01b0\u1ee3c chi tr\u1ea3.<\/p>\n\n\n\n<h2 class=\"wp-block-heading\">\u0110\u1ed1i t\u00e1c h\u1ee3p t\u00e1c c\u1ee7a ch\u00fang t\u00f4i<\/h2>\n\n\n\n<p>Ch\u00fang t\u00f4i c\u00f3 m\u1ed9t m\u1ea1ng l\u01b0\u1edbi xu\u1ea5t s\u1eafc g\u1ed3m c\u00e1c chuy\u00ean gia v\u00e0 \u0111\u1ed1i t\u00e1c c\u00f9ng l\u00e0m vi\u1ec7c v\u1edbi nhau v\u1ec1 c\u00e1c gi\u1ea3i ph\u00e1p th\u1ea9m m\u1ef9 khi ch\u1ec9nh nha \u0111\u1ea1t \u0111\u01b0\u1ee3c c\u00e1c ng\u01b0\u1ee1ng gi\u1edbi h\u1ea1n. \u0110i\u1ec1u n\u00e0y c\u00f3 ngh\u0129a l\u00e0 b\u1ea1n c\u00f3 th\u1ec3 ho\u00e0n to\u00e0n an t\u00e2m v\u1ec1 chuy\u00ean m\u00f4n to\u00e0n di\u1ec7n v\u00e0 h\u01b0\u1edfng l\u1ee3i t\u1eeb &#8220;b\u00ed quy\u1ebft&#8221; theo g\u00f3i xoay quanh ch\u1ee7 \u0111\u1ec1 v\u1ec1 r\u0103ng. Trong c\u00e1c h\u00ecnh \u1ea3nh tr\u00ean, b\u1ea1n c\u00f3 th\u1ec3 th\u1ea5y m\u1ed9t k\u1ebft qu\u1ea3 l\u00e0m vi\u1ec7c c\u1ee7a ti\u1ebfn s\u0129 Boris Salchow.<br><a href=\"https:\/\/www.dr-salchow.de\" target=\"_blank\" rel=\"noreferrer noopener\">www.dr-salchow.de<\/a><\/p>\n<\/div>\n<\/div>\n\n\n\n<div style=\"height:20px\" aria-hidden=\"true\" class=\"wp-block-spacer\"><\/div>\n\n\n\n<div class=\"wp-block-columns is-layout-flex wp-container-core-columns-is-layout-9d6595d7 wp-block-columns-is-layout-flex\">\n<div class=\"wp-block-column is-layout-flow wp-block-column-is-layout-flow\">\n<figure class=\"wp-block-image size-full\"><img loading=\"lazy\" decoding=\"async\" width=\"944\" height=\"944\" src=\"https:\/\/www.mundart-kfo.de\/vn\/wp-content\/uploads\/sites\/3\/2024\/04\/kooperationspartner_01.jpg\" alt=\"\" class=\"wp-image-120\" srcset=\"https:\/\/www.mundart-kfo.de\/vi\/wp-content\/uploads\/sites\/3\/2024\/04\/kooperationspartner_01.jpg 944w, https:\/\/www.mundart-kfo.de\/vi\/wp-content\/uploads\/sites\/3\/2024\/04\/kooperationspartner_01-300x300.jpg 300w, https:\/\/www.mundart-kfo.de\/vi\/wp-content\/uploads\/sites\/3\/2024\/04\/kooperationspartner_01-150x150.jpg 150w, https:\/\/www.mundart-kfo.de\/vi\/wp-content\/uploads\/sites\/3\/2024\/04\/kooperationspartner_01-768x768.jpg 768w\" sizes=\"auto, (max-width: 944px) 100vw, 944px\" \/><\/figure>\n\n\n\n<h2 class=\"wp-block-heading\">Tr\u01b0\u1edbc khi \u0111i\u1ec1u tr\u1ecb<\/h2>\n\n\n\n<p>Thi\u1ebfu r\u0103ng c\u1eeda b\u00ean b\u00ean ph\u1ea3i v\u00e0 b\u00ean tr\u00e1i c\u1ee7a r\u0103ng nanh (do gen quy\u1ebft \u0111\u1ecbnh).<\/p>\n<\/div>\n\n\n\n<div class=\"wp-block-column is-layout-flow wp-block-column-is-layout-flow\">\n<figure class=\"wp-block-image size-full\"><img loading=\"lazy\" decoding=\"async\" width=\"944\" height=\"944\" src=\"https:\/\/www.mundart-kfo.de\/vn\/wp-content\/uploads\/sites\/3\/2024\/04\/kooperationspartner_02.jpg\" alt=\"\" class=\"wp-image-122\" srcset=\"https:\/\/www.mundart-kfo.de\/vi\/wp-content\/uploads\/sites\/3\/2024\/04\/kooperationspartner_02.jpg 944w, https:\/\/www.mundart-kfo.de\/vi\/wp-content\/uploads\/sites\/3\/2024\/04\/kooperationspartner_02-300x300.jpg 300w, https:\/\/www.mundart-kfo.de\/vi\/wp-content\/uploads\/sites\/3\/2024\/04\/kooperationspartner_02-150x150.jpg 150w, https:\/\/www.mundart-kfo.de\/vi\/wp-content\/uploads\/sites\/3\/2024\/04\/kooperationspartner_02-768x768.jpg 768w\" sizes=\"auto, (max-width: 944px) 100vw, 944px\" \/><\/figure>\n\n\n\n<h2 class=\"wp-block-heading\">Sau khi \u0111i\u1ec1u tr\u1ecb<\/h2>\n\n\n\n<p>Thu h\u1eb9p kho\u1ea3ng c\u00e1ch sau khi \u0111i\u1ec1u tr\u1ecb ch\u1ec9nh nha.<\/p>\n<\/div>\n<\/div>\n","protected":false},"excerpt":{"rendered":"<p>Th\u00f4ng tin \u0111\u00e1ng tin c\u1eady v\u00e0 to\u00e0n di\u1ec7n t\u1ea1o s\u1ef1 an to\u00e0n v\u00e0 tin t\u01b0\u1edfng. Ch\u00ednh v\u00ec th\u1ebf, ch\u00fang t\u00f4i \u0111\u1eb7c bi\u1ec7t tr\u00e2n tr\u1ecdng nh\u1eefng th\u00f4ng tin, t\u01b0 v\u1ea5n to\u00e0n&#8230;<\/p>\n","protected":false},"author":1,"featured_media":0,"parent":0,"menu_order":50,"comment_status":"closed","ping_status":"closed","template":"","meta":{"_acf_changed":false,"footnotes":""},"class_list":["post-56","page","type-page","status-publish","hentry"],"acf":[],"_links":{"self":[{"href":"https:\/\/www.mundart-kfo.de\/vi\/wp-json\/wp\/v2\/pages\/56","targetHints":{"allow":["GET"]}}],"collection":[{"href":"https:\/\/www.mundart-kfo.de\/vi\/wp-json\/wp\/v2\/pages"}],"about":[{"href":"https:\/\/www.mundart-kfo.de\/vi\/wp-json\/wp\/v2\/types\/page"}],"author":[{"embeddable":true,"href":"https:\/\/www.mundart-kfo.de\/vi\/wp-json\/wp\/v2\/users\/1"}],"replies":[{"embeddable":true,"href":"https:\/\/www.mundart-kfo.de\/vi\/wp-json\/wp\/v2\/comments?post=56"}],"version-history":[{"count":4,"href":"https:\/\/www.mundart-kfo.de\/vi\/wp-json\/wp\/v2\/pages\/56\/revisions"}],"predecessor-version":[{"id":251,"href":"https:\/\/www.mundart-kfo.de\/vi\/wp-json\/wp\/v2\/pages\/56\/revisions\/251"}],"wp:attachment":[{"href":"https:\/\/www.mundart-kfo.de\/vi\/wp-json\/wp\/v2\/media?parent=56"}],"curies":[{"name":"wp","href":"https:\/\/api.w.org\/{rel}","templated":true}]}}