{"id":65,"date":"2024-04-24T11:31:44","date_gmt":"2024-04-24T09:31:44","guid":{"rendered":"http:\/\/localhost\/mundart\/?page_id=65"},"modified":"2024-04-30T16:09:43","modified_gmt":"2024-04-30T14:09:43","slug":"impressum","status":"publish","type":"page","link":"https:\/\/www.mundart-kfo.de\/vi\/impressum\/","title":{"rendered":"D\u1ea5u \u1ea5n"},"content":{"rendered":"<div class=\"page-gallery-wrapper loading normal\"><div class=\"page-gallery no-flexslider\"><ul class=\"slides\" data-slidetime=\"7000\" data-slidetimeout=\"600\"><li id=\"gallery-item-1\" class=\"single single-image\"><span class=\"slider-image\"><img decoding=\"async\" src=\"https:\/\/www.mundart-kfo.de\/vi\/wp-content\/uploads\/sites\/3\/2024\/04\/sl_impressum-datenschutz.jpg\" style=\"object-position: 35% 0%\" alt=\"\" \/><\/span><\/li><\/ul><\/div><div id=\"slider-text\" class=\"slider-text\"><h1><span>Impressum<\/span><\/h1><\/div><\/div>\n\n\n<div class=\"wp-block-columns is-layout-flex wp-container-core-columns-is-layout-9d6595d7 wp-block-columns-is-layout-flex\">\n<div class=\"wp-block-column is-layout-flow wp-block-column-is-layout-flow\" style=\"flex-basis:27%\"><\/div>\n\n\n\n<div class=\"wp-block-column is-layout-flow wp-block-column-is-layout-flow\" style=\"flex-basis:73%\">\n<h2 class=\"wp-block-heading\">Angaben gem\u00e4\u00df \u00a7 5 TMG<\/h2>\n\n\n\n<p>Kieferorthop\u00e4dische Praxis MUNDART<\/p>\n\n\n\n<h2 class=\"wp-block-heading\">Kontakt<\/h2>\n\n\n\n<p>Dr. Nicole Chmurzinski<br>\u00c4rztehaus Mehrower Allee 22<br>12687 Berlin<br>Tel. 030\/930 93 77<br><a href=\"mailto:in&#102;&#111;&#64;&#109;u&#110;&#100;art&#45;kf&#111;&#46;&#100;&#101;\" class=\"normal\">&#105;nfo&#64;&#109;&#117;&#110;d&#97;&#114;t&#45;&#107;&#102;&#111;&#46;de<\/a><\/p>\n\n\n\n<h2 class=\"wp-block-heading\">Zust\u00e4ndigen Aufsichtsbeh\u00f6rde<\/h2>\n\n\n\n<p>Landesamt f\u00fcr Gesundheit und Soziales Berlin, Turmstr. 21, 10559 Berlin<\/p>\n\n\n\n<h2 class=\"wp-block-heading\">Zust\u00e4ndige Kammer<\/h2>\n\n\n\n<p>Zahn\u00e4rztekammer Berlin, Stallstr. 1, 10585 Berlin, Tel. (030) 34 808 0,<br><a href=\"mailto:in&#102;&#111;&#64;z&#97;ek-b&#101;rl&#105;n.&#100;e\" class=\"normal\">&#105;n&#102;&#111;&#64;&#122;&#97;ek&#45;b&#101;rl&#105;&#110;.d&#101;<\/a><\/p>\n\n\n\n<p>Berufsbezeichnung: Zahn\u00e4rztin (verliehen in der Bundesrepublik Deutschland)<\/p>\n\n\n\n<h2 class=\"wp-block-heading\">Berufsrechtliche Regelungen<\/h2>\n\n\n\n<p>Es gelten folgende berufsrechtliche Regelungen: www.zaek-berlin.de<\/p>\n\n\n\n<p>Wir sind Mitglied in der Kassenzahn\u00e4rztlichen Vereinigung Berlin (KZV).<\/p>\n\n\n\n<h2 class=\"wp-block-heading\">Haftungshinweis<\/h2>\n\n\n\n<p>Trotz sorgf\u00e4ltiger inhaltlicher Kontrolle \u00fcbernehmen wir keine Haftung f\u00fcr die Inhalte externer Links. F\u00fcr den Inhalt der verlinkten Seiten sind ausschlie\u00dflich deren Betreiber verantwortlich. Das Copyright f\u00fcr die ver\u00f6ffentlichten Objekte, Texte und Bilder verbleibt allein bei den jeweiligen Autoren bzw. Urhebern. Die Verwendung oder Vervielf\u00e4ltigung von Grafiken, Dokumenten, Videosequenzen und Texten in anderen elektronischen oder gedruckten Publikationen ist ohne ausdr\u00fcckliche Zustimmung der Autoren nicht gestattet.<\/p>\n<\/div>\n<\/div>\n","protected":false},"excerpt":{"rendered":"<p>Angaben gem\u00e4\u00df \u00a7 5 TMG Kieferorthop\u00e4dische Praxis MUNDART Kontakt Dr. Nicole Chmurzinski\u00c4rztehaus Mehrower Allee 2212687 BerlinTel. 030\/930 93 77 Zust\u00e4ndigen Aufsichtsbeh\u00f6rde Landesamt f\u00fcr Gesundheit und Soziales Berlin, Turmstr. 21, 10559&#8230;<\/p>\n","protected":false},"author":1,"featured_media":0,"parent":0,"menu_order":1000,"comment_status":"closed","ping_status":"closed","template":"","meta":{"_acf_changed":false,"footnotes":""},"class_list":["post-65","page","type-page","status-publish","hentry"],"acf":[],"_links":{"self":[{"href":"https:\/\/www.mundart-kfo.de\/vi\/wp-json\/wp\/v2\/pages\/65","targetHints":{"allow":["GET"]}}],"collection":[{"href":"https:\/\/www.mundart-kfo.de\/vi\/wp-json\/wp\/v2\/pages"}],"about":[{"href":"https:\/\/www.mundart-kfo.de\/vi\/wp-json\/wp\/v2\/types\/page"}],"author":[{"embeddable":true,"href":"https:\/\/www.mundart-kfo.de\/vi\/wp-json\/wp\/v2\/users\/1"}],"replies":[{"embeddable":true,"href":"https:\/\/www.mundart-kfo.de\/vi\/wp-json\/wp\/v2\/comments?post=65"}],"version-history":[{"count":2,"href":"https:\/\/www.mundart-kfo.de\/vi\/wp-json\/wp\/v2\/pages\/65\/revisions"}],"predecessor-version":[{"id":236,"href":"https:\/\/www.mundart-kfo.de\/vi\/wp-json\/wp\/v2\/pages\/65\/revisions\/236"}],"wp:attachment":[{"href":"https:\/\/www.mundart-kfo.de\/vi\/wp-json\/wp\/v2\/media?parent=65"}],"curies":[{"name":"wp","href":"https:\/\/api.w.org\/{rel}","templated":true}]}}