{"id":82,"date":"2024-04-24T13:15:36","date_gmt":"2024-04-24T11:15:36","guid":{"rendered":"http:\/\/localhost\/mundart\/?page_id=82"},"modified":"2024-05-06T15:10:08","modified_gmt":"2024-05-06T13:10:08","slug":"termine","status":"publish","type":"page","link":"https:\/\/www.mundart-kfo.de\/vi\/termine\/","title":{"rendered":"C\u00e1c cu\u1ed9c h\u1eb9n"},"content":{"rendered":"<div class=\"page-gallery-wrapper loading normal\"><div class=\"page-gallery no-flexslider\"><ul class=\"slides\" data-slidetime=\"7000\" data-slidetimeout=\"600\"><li id=\"gallery-item-1\" class=\"single single-image\"><span class=\"slider-image\"><img decoding=\"async\" src=\"https:\/\/www.mundart-kfo.de\/vi\/wp-content\/uploads\/sites\/3\/2024\/04\/sl_termine.jpg\" style=\"object-position: 45% 0%\" alt=\"\" \/><\/span><\/li><\/ul><\/div><div id=\"slider-text\" class=\"slider-text\"><h1><span>C\u00e1c cu\u1ed9c h\u1eb9n<\/span><\/h1><\/div><\/div>\n\n\n<div class=\"wp-block-columns is-layout-flex wp-container-core-columns-is-layout-9d6595d7 wp-block-columns-is-layout-flex\">\n<div class=\"wp-block-column is-layout-flow wp-block-column-is-layout-flow\" style=\"flex-basis:27%\"><\/div>\n\n\n\n<div class=\"wp-block-column is-layout-flow wp-block-column-is-layout-flow\" style=\"flex-basis:73%\">\n<h2 class=\"wp-block-heading\">Th\u1eddi gian ch\u1edd \u0111\u1ee3i ng\u1eafn &#8211; quy tr\u00ecnh x\u1eed l\u00fd su\u00f4n s\u1ebb<\/h2>\n\n\n\n<p><strong><strong>Gi\u1edd h\u00e0nh ch\u00ednh Th\u1ee9 Hai \u0111\u1ebfn Th\u1ee9 N\u0103m 11 gi\u1edd s\u00e1ng \u0111\u1ebfn 6 gi\u1edd chi\u1ec1u<\/strong><br><a href=\"https:\/\/dr-flex.de\/Kieferorthop%C3%A4die\/Berlin-Marzahn\/12687\/Mehrower_Allee\/Kieferorthop%C3%A4dische_Praxis_MundART_Dr._Nicole_Chmurzinski\" target=\"_blank\" rel=\"noreferrer noopener\"><strong>\u0110\u1eb7t l\u1ecbch h\u1eb9n tr\u1ef1c tuy\u1ebfn<\/strong> <\/a><\/strong><br><strong><strong>ho\u1eb7c qua \u0111i\u1ec7n tho\u1ea1i: 030\/930 93 77<\/strong><\/strong><\/p>\n\n\n\n<p>Th\u00f4ng qua k\u1ebf ho\u1ea1ch h\u1eb9n \u0111\u00e1ng tin c\u1eady v\u00e0 th\u1eddi gian t\u01b0 v\u1ea5n ph\u00f9 h\u1ee3p v\u1edbi b\u1ec7nh nh\u00e2n, ch\u00fang t\u00f4i t\u1ed5 ch\u1ee9c sao cho quy tr\u00ecnh \u0111i\u1ec1u tr\u1ecb di\u1ec5n ra su\u00f4n s\u1ebb nh\u1ea5t c\u00f3 th\u1ec3. B\u1ec7nh nh\u00e2n c\u1ee7a ch\u00fang t\u00f4i th\u01b0\u1eddng \u0111\u01b0\u1ee3c h\u01b0\u1edfng l\u1ee3i t\u1eeb th\u1eddi gian ch\u1edd nhanh ch\u00f3ng trong ph\u00f2ng kh\u00e1m. N\u1ebfu v\u1eabn c\u00f2n th\u1eddi gian ch\u1edd do c\u00f3 tr\u01b0\u1eddng h\u1ee3p kh\u1ea9n c\u1ea5p b\u1ea5t ng\u1edd, ch\u00fang t\u00f4i mong b\u1ea1n th\u00f4ng c\u1ea3m.<\/p>\n\n\n\n<p>L\u1eddi nh\u1eafc cu\u1ed9c h\u1eb9n \u0111\u00fang l\u00fac \u2013 d\u1ecbch v\u1ee5 c\u1ee7a ph\u00f2ng kh\u00e1m: D\u1ecbch v\u1ee5 cung c\u1ea5p l\u1eddi nh\u1eafc v\u1ec1 cu\u1ed9c h\u1eb9n ti\u1ebfp theo qua SMS.<\/p>\n\n\n\n<p>N\u1ebfu b\u1ea1n kh\u00f4ng th\u1ec3 \u0111\u1ebfn cu\u1ed9c h\u1eb9n \u0111\u00e3 \u0111\u1eb7t, vui l\u00f2ng cho ch\u00fang t\u00f4i bi\u1ebft c\u00e0ng s\u1edbm c\u00e0ng t\u1ed1t. Vui l\u00f2ng th\u00f4ng c\u1ea3m v\u00ec ch\u00fang t\u00f4i kh\u00f4ng th\u1ec3 h\u1ee7y c\u00e1c cu\u1ed9c h\u1eb9n qua email . Xin c\u1ea3m \u01a1n!<\/p>\n<\/div>\n<\/div>\n","protected":false},"excerpt":{"rendered":"<p>Th\u1eddi gian ch\u1edd \u0111\u1ee3i ng\u1eafn &#8211; quy tr\u00ecnh x\u1eed l\u00fd su\u00f4n s\u1ebb Gi\u1edd h\u00e0nh ch\u00ednh Th\u1ee9 Hai \u0111\u1ebfn Th\u1ee9 N\u0103m 11 gi\u1edd s\u00e1ng \u0111\u1ebfn 6 gi\u1edd chi\u1ec1u\u0110\u1eb7t l\u1ecbch h\u1eb9n tr\u1ef1c&#8230;<\/p>\n","protected":false},"author":1,"featured_media":0,"parent":0,"menu_order":60,"comment_status":"closed","ping_status":"closed","template":"","meta":{"_acf_changed":false,"footnotes":""},"class_list":["post-82","page","type-page","status-publish","hentry"],"acf":[],"_links":{"self":[{"href":"https:\/\/www.mundart-kfo.de\/vi\/wp-json\/wp\/v2\/pages\/82","targetHints":{"allow":["GET"]}}],"collection":[{"href":"https:\/\/www.mundart-kfo.de\/vi\/wp-json\/wp\/v2\/pages"}],"about":[{"href":"https:\/\/www.mundart-kfo.de\/vi\/wp-json\/wp\/v2\/types\/page"}],"author":[{"embeddable":true,"href":"https:\/\/www.mundart-kfo.de\/vi\/wp-json\/wp\/v2\/users\/1"}],"replies":[{"embeddable":true,"href":"https:\/\/www.mundart-kfo.de\/vi\/wp-json\/wp\/v2\/comments?post=82"}],"version-history":[{"count":4,"href":"https:\/\/www.mundart-kfo.de\/vi\/wp-json\/wp\/v2\/pages\/82\/revisions"}],"predecessor-version":[{"id":256,"href":"https:\/\/www.mundart-kfo.de\/vi\/wp-json\/wp\/v2\/pages\/82\/revisions\/256"}],"wp:attachment":[{"href":"https:\/\/www.mundart-kfo.de\/vi\/wp-json\/wp\/v2\/media?parent=82"}],"curies":[{"name":"wp","href":"https:\/\/api.w.org\/{rel}","templated":true}]}}